{"id":425,"date":"2024-03-25T20:20:49","date_gmt":"2024-03-25T20:20:49","guid":{"rendered":"https:\/\/lerak.fi\/?page_id=425"},"modified":"2024-03-25T21:17:09","modified_gmt":"2024-03-25T21:17:09","slug":"yhteystiedot","status":"publish","type":"page","link":"https:\/\/lerak.fi\/index.php\/yhteystiedot\/","title":{"rendered":"Yhteystiedot"},"content":{"rendered":"\n<p>Lerak Oy <br>Y-Tunnus 3435134-3<br><\/p>\n\n\n\n<p>Leevi Heikkinen <br>Rakennusmestari (AMK)<br>leevi@lerak.fi<br>040 8464040<\/p>\n\n\n\n<p>J\u00e4t\u00e4 tarjouspyynt\u00f6 yhteydenottolomakkeella, s\u00e4hk\u00f6postilla tai voit my\u00f6s soittaa. <\/p>\n\n\n\n<div class=\"wp-block-group\"><div class=\"wp-block-group__inner-container is-layout-constrained wp-block-group-is-layout-constrained\">\n<div id=\"wp-block-themeisle-blocks-form-d94e793a\" class=\"wp-block-themeisle-blocks-form\" data-option-name=\"bf9b28ff82ce323187abc5d0feb0d8f07ecd8436_d94e793a\"><form class=\"otter-form__container\">\n<div id=\"wp-block-themeisle-blocks-form-input-011c9458\" class=\"wp-block-themeisle-blocks-form-input\"><label for=\"wp-block-themeisle-blocks-form-input-011c9458-input\" class=\"otter-form-input-label\"><span class=\"otter-form-input-label__label\">Nimi<\/span><span class=\"required\">*<\/span><\/label><input type=\"text\" id=\"wp-block-themeisle-blocks-form-input-011c9458-input\" required class=\"otter-form-input\"\/><\/div>\n\n\n\n<div id=\"wp-block-themeisle-blocks-form-input-ef2ec6d1\" class=\"wp-block-themeisle-blocks-form-input\"><label for=\"wp-block-themeisle-blocks-form-input-ef2ec6d1-input\" class=\"otter-form-input-label\"><span class=\"otter-form-input-label__label\">Email<\/span><span class=\"required\">*<\/span><\/label><input type=\"email\" id=\"wp-block-themeisle-blocks-form-input-ef2ec6d1-input\" required class=\"otter-form-input\"\/><\/div>\n\n\n<div class=\"protection\" aria-hidden=\"true\"><input type=\"hidden\" id=\"wp-block-themeisle-blocks-form-d94e793a_nonce_field\" name=\"wp-block-themeisle-blocks-form-d94e793a_nonce_field\" value=\"fe3057558c\" \/><input type=\"hidden\" name=\"_wp_http_referer\" value=\"\/index.php\/wp-json\/wp\/v2\/pages\/425\" \/><input class=\"o-anti-bot\" type=\"checkbox\"><\/div>\n\n\n<div id=\"wp-block-themeisle-blocks-form-textarea-36ff353f\" class=\"wp-block-themeisle-blocks-form-textarea\"><label for=\"wp-block-themeisle-blocks-form-textarea-36ff353f-input\" class=\"otter-form-textarea-label\"><span class=\"otter-form-textarea-label__label\">Viesti<\/span><\/label><textarea id=\"wp-block-themeisle-blocks-form-textarea-36ff353f-input\" rows=\"10\" class=\"otter-form-textarea-input\"><\/textarea><\/div>\n<div class=\"wp-block-button\"><button class=\"wp-block-button__link\" type=\"submit\">L\u00e4het\u00e4<\/button><\/div><\/form><\/div>\n<\/div><\/div>\n","protected":false},"excerpt":{"rendered":"<p>Lerak Oy Y-Tunnus 3435134-3 Leevi Heikkinen Rakennusmestari (AMK)leevi@lerak.fi040 8464040 J\u00e4t\u00e4 tarjouspyynt\u00f6 yhteydenottolomakkeella, s\u00e4hk\u00f6postilla tai voit my\u00f6s soittaa.<\/p>\n","protected":false},"author":1,"featured_media":0,"parent":0,"menu_order":0,"comment_status":"closed","ping_status":"closed","template":"","meta":{"_themeisle_gutenberg_block_has_review":false,"_ti_tpc_template_sync":false,"_ti_tpc_template_id":"","footnotes":""},"class_list":["post-425","page","type-page","status-publish","hentry"],"_links":{"self":[{"href":"https:\/\/lerak.fi\/index.php\/wp-json\/wp\/v2\/pages\/425","targetHints":{"allow":["GET"]}}],"collection":[{"href":"https:\/\/lerak.fi\/index.php\/wp-json\/wp\/v2\/pages"}],"about":[{"href":"https:\/\/lerak.fi\/index.php\/wp-json\/wp\/v2\/types\/page"}],"author":[{"embeddable":true,"href":"https:\/\/lerak.fi\/index.php\/wp-json\/wp\/v2\/users\/1"}],"replies":[{"embeddable":true,"href":"https:\/\/lerak.fi\/index.php\/wp-json\/wp\/v2\/comments?post=425"}],"version-history":[{"count":2,"href":"https:\/\/lerak.fi\/index.php\/wp-json\/wp\/v2\/pages\/425\/revisions"}],"predecessor-version":[{"id":449,"href":"https:\/\/lerak.fi\/index.php\/wp-json\/wp\/v2\/pages\/425\/revisions\/449"}],"wp:attachment":[{"href":"https:\/\/lerak.fi\/index.php\/wp-json\/wp\/v2\/media?parent=425"}],"curies":[{"name":"wp","href":"https:\/\/api.w.org\/{rel}","templated":true}]}}