{"id":424,"date":"2024-03-25T20:20:49","date_gmt":"2024-03-25T20:20:49","guid":{"rendered":"https:\/\/lerak.fi\/?page_id=424"},"modified":"2024-03-28T18:38:17","modified_gmt":"2024-03-28T18:38:17","slug":"yritys","status":"publish","type":"page","link":"https:\/\/lerak.fi\/index.php\/yritys\/","title":{"rendered":"Yritys"},"content":{"rendered":"\n<p>Lerak Oy on 2024 perustettu rakennuspalveluita tarjoava yritys. Toimimme Kanta-H\u00e4meen ja Uudenmaan alueella. T\u00e4rke\u00e4\u00e4 meille on laadukas ty\u00f6nj\u00e4lki ja tyytyv\u00e4inen asiakas. <\/p>\n\n\n\n<p>Rakennusalan kehittyess\u00e4 haluamme pysy\u00e4 aallonharjalla ammattitaidon ja tekniikan suhteen. Haluamme tuottaa rakennuspalvelua raudanlujalla ammattitaidolla asiakkaillemme. <\/p>\n\n\n\n<p>Palvelemme niin kuluttajia, kuin yrityksi\u00e4 ja yhteis\u00f6j\u00e4. <\/p>\n\n\n\n<figure class=\"wp-block-gallery has-nested-images columns-default is-cropped wp-block-gallery-1 is-layout-flex wp-block-gallery-is-layout-flex\">\n<figure class=\"wp-block-image size-large\"><img loading=\"lazy\" decoding=\"async\" width=\"768\" height=\"1024\" data-id=\"445\" src=\"https:\/\/lerak.fi\/wp-content\/uploads\/2024\/03\/10000110063767-768x1024.jpg\" alt=\"\" class=\"wp-image-445\" srcset=\"https:\/\/lerak.fi\/wp-content\/uploads\/2024\/03\/10000110063767-768x1024.jpg 768w, https:\/\/lerak.fi\/wp-content\/uploads\/2024\/03\/10000110063767-225x300.jpg 225w, https:\/\/lerak.fi\/wp-content\/uploads\/2024\/03\/10000110063767-1152x1536.jpg 1152w, https:\/\/lerak.fi\/wp-content\/uploads\/2024\/03\/10000110063767-1536x2048.jpg 1536w, https:\/\/lerak.fi\/wp-content\/uploads\/2024\/03\/10000110063767-scaled.jpg 1920w\" sizes=\"auto, (max-width: 768px) 100vw, 768px\" \/><\/figure>\n<\/figure>\n","protected":false},"excerpt":{"rendered":"<p>Lerak Oy on 2024 perustettu rakennuspalveluita tarjoava yritys. Toimimme Kanta-H\u00e4meen ja Uudenmaan alueella. T\u00e4rke\u00e4\u00e4 meille on laadukas ty\u00f6nj\u00e4lki ja tyytyv\u00e4inen asiakas. Rakennusalan kehittyess\u00e4 haluamme pysy\u00e4 aallonharjalla ammattitaidon ja tekniikan suhteen. Haluamme tuottaa rakennuspalvelua raudanlujalla ammattitaidolla asiakkaillemme. Palvelemme niin kuluttajia, kuin yrityksi\u00e4 ja yhteis\u00f6j\u00e4.<\/p>\n","protected":false},"author":1,"featured_media":0,"parent":0,"menu_order":0,"comment_status":"closed","ping_status":"closed","template":"","meta":{"_themeisle_gutenberg_block_has_review":false,"_ti_tpc_template_sync":false,"_ti_tpc_template_id":"","footnotes":""},"class_list":["post-424","page","type-page","status-publish","hentry"],"_links":{"self":[{"href":"https:\/\/lerak.fi\/index.php\/wp-json\/wp\/v2\/pages\/424","targetHints":{"allow":["GET"]}}],"collection":[{"href":"https:\/\/lerak.fi\/index.php\/wp-json\/wp\/v2\/pages"}],"about":[{"href":"https:\/\/lerak.fi\/index.php\/wp-json\/wp\/v2\/types\/page"}],"author":[{"embeddable":true,"href":"https:\/\/lerak.fi\/index.php\/wp-json\/wp\/v2\/users\/1"}],"replies":[{"embeddable":true,"href":"https:\/\/lerak.fi\/index.php\/wp-json\/wp\/v2\/comments?post=424"}],"version-history":[{"count":3,"href":"https:\/\/lerak.fi\/index.php\/wp-json\/wp\/v2\/pages\/424\/revisions"}],"predecessor-version":[{"id":461,"href":"https:\/\/lerak.fi\/index.php\/wp-json\/wp\/v2\/pages\/424\/revisions\/461"}],"wp:attachment":[{"href":"https:\/\/lerak.fi\/index.php\/wp-json\/wp\/v2\/media?parent=424"}],"curies":[{"name":"wp","href":"https:\/\/api.w.org\/{rel}","templated":true}]}}